{"id":60,"date":"2025-01-27T17:51:56","date_gmt":"2025-01-27T16:51:56","guid":{"rendered":"https:\/\/lesptitspaves.le-pic.org\/?page_id=60"},"modified":"2025-02-13T09:52:17","modified_gmt":"2025-02-13T08:52:17","slug":"presentation","status":"publish","type":"page","link":"https:\/\/lesptitspaves.le-pic.org\/?page_id=60","title":{"rendered":"Pr\u00e9sentation"},"content":{"rendered":"\n<p>Une biblioth\u00e8que associative itin\u00e9rante et solidaire \u00e0 destination des enfants.<\/p>\n\n\n\n<p><strong>C&#8217;est quoi le projet?<\/strong><br>\u2192 Proposer des albums qui bousculent et interrogent nos pr\u00e9suppos\u00e9s et \u00e9largissent nos imaginaires.<\/p>\n\n\n\n<p><strong> Pourquoi?<\/strong><br>\u2192 Le manque de diversit\u00e9 face au mod\u00e8le dominant et st\u00e9r\u00e9otyp\u00e9 perp\u00e9tue une violence et un sentiment d\u2019ill\u00e9gitimit\u00e9 \u00e0 \u00eatre et \u00e0 devenir soi parmi d\u2019autres diff\u00e9rent\u00b7e\u00b7s.<br>\u2192 Il est important, selon nous, de proposer d\u2019autres repr\u00e9sentations afin que chacun\u00b7e d\u00e8s sont plus jeune \u00e2ge puisse s\u2019\u00e9panouir pleinement dans le respect et la bienveillance, tout en continuant de cultiver son imagination et sa po\u00e9sie.<\/p>\n","protected":false},"excerpt":{"rendered":"<p>Une biblioth\u00e8que associative itin\u00e9rante et solidaire \u00e0 destination des enfants. C&#8217;est quoi le projet?\u2192 Proposer des albums qui bousculent et interrogent nos pr\u00e9suppos\u00e9s et \u00e9largissent nos imaginaires. Pourquoi?\u2192 Le manque de diversit\u00e9 face au mod\u00e8le dominant et st\u00e9r\u00e9otyp\u00e9 perp\u00e9tue une violence et un sentiment d\u2019ill\u00e9gitimit\u00e9 \u00e0 \u00eatre et \u00e0 devenir soi parmi d\u2019autres diff\u00e9rent\u00b7e\u00b7s.\u2192 Il est important, selon nous, de proposer d\u2019autres repr\u00e9sentations afin que chacun\u00b7e d\u00e8s sont plus jeune \u00e2ge puisse s\u2019\u00e9panouir pleinement dans le respect et la bienveillance,&#8230;<\/p>\n<p class=\"read-more\"><a class=\"btn btn-default\" href=\"https:\/\/lesptitspaves.le-pic.org\/?page_id=60\"> Read More<span class=\"screen-reader-text\">  Read More<\/span><\/a><\/p>\n","protected":false},"author":2,"featured_media":0,"parent":0,"menu_order":0,"comment_status":"closed","ping_status":"closed","template":"","meta":{"om_disable_all_campaigns":false,"_monsterinsights_skip_tracking":false,"_monsterinsights_sitenote_active":false,"_monsterinsights_sitenote_note":"","_monsterinsights_sitenote_category":0,"footnotes":""},"class_list":["post-60","page","type-page","status-publish","hentry"],"aioseo_notices":[],"yoast_head":"<!-- This site is optimized with the Yoast SEO plugin v27.3 - https:\/\/yoast.com\/product\/yoast-seo-wordpress\/ -->\n<title>Pr\u00e9sentation - Les P&#039;tits Pav\u00e9s<\/title>\n<meta name=\"robots\" content=\"index, follow, max-snippet:-1, max-image-preview:large, max-video-preview:-1\" \/>\n<link rel=\"canonical\" href=\"https:\/\/lesptitspaves.le-pic.org\/?page_id=60\" \/>\n<meta property=\"og:locale\" content=\"en_US\" \/>\n<meta property=\"og:type\" content=\"article\" \/>\n<meta property=\"og:title\" content=\"Pr\u00e9sentation - Les P&#039;tits Pav\u00e9s\" \/>\n<meta property=\"og:description\" content=\"Une biblioth\u00e8que associative itin\u00e9rante et solidaire \u00e0 destination des enfants. C&#8217;est quoi le projet?\u2192 Proposer des albums qui bousculent et interrogent nos pr\u00e9suppos\u00e9s et \u00e9largissent nos imaginaires. Pourquoi?\u2192 Le manque de diversit\u00e9 face au mod\u00e8le dominant et st\u00e9r\u00e9otyp\u00e9 perp\u00e9tue une violence et un sentiment d\u2019ill\u00e9gitimit\u00e9 \u00e0 \u00eatre et \u00e0 devenir soi parmi d\u2019autres diff\u00e9rent\u00b7e\u00b7s.\u2192 Il est important, selon nous, de proposer d\u2019autres repr\u00e9sentations afin que chacun\u00b7e d\u00e8s sont plus jeune \u00e2ge puisse s\u2019\u00e9panouir pleinement dans le respect et la bienveillance,... Read More Read More\" \/>\n<meta property=\"og:url\" content=\"https:\/\/lesptitspaves.le-pic.org\/?page_id=60\" \/>\n<meta property=\"og:site_name\" content=\"Les P&#039;tits Pav\u00e9s\" \/>\n<meta property=\"article:modified_time\" content=\"2025-02-13T08:52:17+00:00\" \/>\n<meta name=\"twitter:card\" content=\"summary_large_image\" \/>\n<meta name=\"twitter:label1\" content=\"Est. reading time\" \/>\n\t<meta name=\"twitter:data1\" content=\"1 minute\" \/>\n<script type=\"application\/ld+json\" class=\"yoast-schema-graph\">{\"@context\":\"https:\\\/\\\/schema.org\",\"@graph\":[{\"@type\":\"WebPage\",\"@id\":\"https:\\\/\\\/lesptitspaves.le-pic.org\\\/?page_id=60\",\"url\":\"https:\\\/\\\/lesptitspaves.le-pic.org\\\/?page_id=60\",\"name\":\"Pr\u00e9sentation - Les P&#039;tits Pav\u00e9s\",\"isPartOf\":{\"@id\":\"https:\\\/\\\/lesptitspaves.le-pic.org\\\/#website\"},\"datePublished\":\"2025-01-27T16:51:56+00:00\",\"dateModified\":\"2025-02-13T08:52:17+00:00\",\"breadcrumb\":{\"@id\":\"https:\\\/\\\/lesptitspaves.le-pic.org\\\/?page_id=60#breadcrumb\"},\"inLanguage\":\"en-US\",\"potentialAction\":[{\"@type\":\"ReadAction\",\"target\":[\"https:\\\/\\\/lesptitspaves.le-pic.org\\\/?page_id=60\"]}]},{\"@type\":\"BreadcrumbList\",\"@id\":\"https:\\\/\\\/lesptitspaves.le-pic.org\\\/?page_id=60#breadcrumb\",\"itemListElement\":[{\"@type\":\"ListItem\",\"position\":1,\"name\":\"Accueil\",\"item\":\"https:\\\/\\\/lesptitspaves.le-pic.org\\\/\"},{\"@type\":\"ListItem\",\"position\":2,\"name\":\"Pr\u00e9sentation\"}]},{\"@type\":\"WebSite\",\"@id\":\"https:\\\/\\\/lesptitspaves.le-pic.org\\\/#website\",\"url\":\"https:\\\/\\\/lesptitspaves.le-pic.org\\\/\",\"name\":\"Les P'tits Pav\u00e9s\",\"description\":\"Remuer la Mare\",\"publisher\":{\"@id\":\"https:\\\/\\\/lesptitspaves.le-pic.org\\\/#organization\"},\"potentialAction\":[{\"@type\":\"SearchAction\",\"target\":{\"@type\":\"EntryPoint\",\"urlTemplate\":\"https:\\\/\\\/lesptitspaves.le-pic.org\\\/?s={search_term_string}\"},\"query-input\":{\"@type\":\"PropertyValueSpecification\",\"valueRequired\":true,\"valueName\":\"search_term_string\"}}],\"inLanguage\":\"en-US\"},{\"@type\":\"Organization\",\"@id\":\"https:\\\/\\\/lesptitspaves.le-pic.org\\\/#organization\",\"name\":\"Les P'tits Pav\u00e9s\",\"url\":\"https:\\\/\\\/lesptitspaves.le-pic.org\\\/\",\"logo\":{\"@type\":\"ImageObject\",\"inLanguage\":\"en-US\",\"@id\":\"https:\\\/\\\/lesptitspaves.le-pic.org\\\/#\\\/schema\\\/logo\\\/image\\\/\",\"url\":\"https:\\\/\\\/lesptitspaves.le-pic.org\\\/wp-content\\\/uploads\\\/2025\\\/01\\\/icone.png\",\"contentUrl\":\"https:\\\/\\\/lesptitspaves.le-pic.org\\\/wp-content\\\/uploads\\\/2025\\\/01\\\/icone.png\",\"width\":512,\"height\":512,\"caption\":\"Les P'tits Pav\u00e9s\"},\"image\":{\"@id\":\"https:\\\/\\\/lesptitspaves.le-pic.org\\\/#\\\/schema\\\/logo\\\/image\\\/\"}}]}<\/script>\n<!-- \/ Yoast SEO plugin. -->","yoast_head_json":{"title":"Pr\u00e9sentation - Les P&#039;tits Pav\u00e9s","robots":{"index":"index","follow":"follow","max-snippet":"max-snippet:-1","max-image-preview":"max-image-preview:large","max-video-preview":"max-video-preview:-1"},"canonical":"https:\/\/lesptitspaves.le-pic.org\/?page_id=60","og_locale":"en_US","og_type":"article","og_title":"Pr\u00e9sentation - Les P&#039;tits Pav\u00e9s","og_description":"Une biblioth\u00e8que associative itin\u00e9rante et solidaire \u00e0 destination des enfants. C&#8217;est quoi le projet?\u2192 Proposer des albums qui bousculent et interrogent nos pr\u00e9suppos\u00e9s et \u00e9largissent nos imaginaires. Pourquoi?\u2192 Le manque de diversit\u00e9 face au mod\u00e8le dominant et st\u00e9r\u00e9otyp\u00e9 perp\u00e9tue une violence et un sentiment d\u2019ill\u00e9gitimit\u00e9 \u00e0 \u00eatre et \u00e0 devenir soi parmi d\u2019autres diff\u00e9rent\u00b7e\u00b7s.\u2192 Il est important, selon nous, de proposer d\u2019autres repr\u00e9sentations afin que chacun\u00b7e d\u00e8s sont plus jeune \u00e2ge puisse s\u2019\u00e9panouir pleinement dans le respect et la bienveillance,... Read More Read More","og_url":"https:\/\/lesptitspaves.le-pic.org\/?page_id=60","og_site_name":"Les P&#039;tits Pav\u00e9s","article_modified_time":"2025-02-13T08:52:17+00:00","twitter_card":"summary_large_image","twitter_misc":{"Est. reading time":"1 minute"},"schema":{"@context":"https:\/\/schema.org","@graph":[{"@type":"WebPage","@id":"https:\/\/lesptitspaves.le-pic.org\/?page_id=60","url":"https:\/\/lesptitspaves.le-pic.org\/?page_id=60","name":"Pr\u00e9sentation - Les P&#039;tits Pav\u00e9s","isPartOf":{"@id":"https:\/\/lesptitspaves.le-pic.org\/#website"},"datePublished":"2025-01-27T16:51:56+00:00","dateModified":"2025-02-13T08:52:17+00:00","breadcrumb":{"@id":"https:\/\/lesptitspaves.le-pic.org\/?page_id=60#breadcrumb"},"inLanguage":"en-US","potentialAction":[{"@type":"ReadAction","target":["https:\/\/lesptitspaves.le-pic.org\/?page_id=60"]}]},{"@type":"BreadcrumbList","@id":"https:\/\/lesptitspaves.le-pic.org\/?page_id=60#breadcrumb","itemListElement":[{"@type":"ListItem","position":1,"name":"Accueil","item":"https:\/\/lesptitspaves.le-pic.org\/"},{"@type":"ListItem","position":2,"name":"Pr\u00e9sentation"}]},{"@type":"WebSite","@id":"https:\/\/lesptitspaves.le-pic.org\/#website","url":"https:\/\/lesptitspaves.le-pic.org\/","name":"Les P'tits Pav\u00e9s","description":"Remuer la Mare","publisher":{"@id":"https:\/\/lesptitspaves.le-pic.org\/#organization"},"potentialAction":[{"@type":"SearchAction","target":{"@type":"EntryPoint","urlTemplate":"https:\/\/lesptitspaves.le-pic.org\/?s={search_term_string}"},"query-input":{"@type":"PropertyValueSpecification","valueRequired":true,"valueName":"search_term_string"}}],"inLanguage":"en-US"},{"@type":"Organization","@id":"https:\/\/lesptitspaves.le-pic.org\/#organization","name":"Les P'tits Pav\u00e9s","url":"https:\/\/lesptitspaves.le-pic.org\/","logo":{"@type":"ImageObject","inLanguage":"en-US","@id":"https:\/\/lesptitspaves.le-pic.org\/#\/schema\/logo\/image\/","url":"https:\/\/lesptitspaves.le-pic.org\/wp-content\/uploads\/2025\/01\/icone.png","contentUrl":"https:\/\/lesptitspaves.le-pic.org\/wp-content\/uploads\/2025\/01\/icone.png","width":512,"height":512,"caption":"Les P'tits Pav\u00e9s"},"image":{"@id":"https:\/\/lesptitspaves.le-pic.org\/#\/schema\/logo\/image\/"}}]}},"_links":{"self":[{"href":"https:\/\/lesptitspaves.le-pic.org\/index.php?rest_route=\/wp\/v2\/pages\/60","targetHints":{"allow":["GET"]}}],"collection":[{"href":"https:\/\/lesptitspaves.le-pic.org\/index.php?rest_route=\/wp\/v2\/pages"}],"about":[{"href":"https:\/\/lesptitspaves.le-pic.org\/index.php?rest_route=\/wp\/v2\/types\/page"}],"author":[{"embeddable":true,"href":"https:\/\/lesptitspaves.le-pic.org\/index.php?rest_route=\/wp\/v2\/users\/2"}],"replies":[{"embeddable":true,"href":"https:\/\/lesptitspaves.le-pic.org\/index.php?rest_route=%2Fwp%2Fv2%2Fcomments&post=60"}],"version-history":[{"count":2,"href":"https:\/\/lesptitspaves.le-pic.org\/index.php?rest_route=\/wp\/v2\/pages\/60\/revisions"}],"predecessor-version":[{"id":80,"href":"https:\/\/lesptitspaves.le-pic.org\/index.php?rest_route=\/wp\/v2\/pages\/60\/revisions\/80"}],"wp:attachment":[{"href":"https:\/\/lesptitspaves.le-pic.org\/index.php?rest_route=%2Fwp%2Fv2%2Fmedia&parent=60"}],"curies":[{"name":"wp","href":"https:\/\/api.w.org\/{rel}","templated":true}]}}