{"id":10,"date":"2025-01-09T11:21:15","date_gmt":"2025-01-09T10:21:15","guid":{"rendered":"https:\/\/lesptitspaves.le-pic.org\/?page_id=10"},"modified":"2025-11-29T11:03:37","modified_gmt":"2025-11-29T10:03:37","slug":"evenements","status":"publish","type":"page","link":"https:\/\/lesptitspaves.le-pic.org\/?page_id=10","title":{"rendered":"\u00c9v\u00e8nements"},"content":{"rendered":"\n<p class=\"has-large-font-size\">\u00c9v\u00e8nements \u00e0 Venir<\/p>\n\n\n\n<h2 class=\"wp-block-heading\"><\/h2>\n\n\n\n<hr class=\"wp-block-separator has-alpha-channel-opacity\"\/>\n\n\n\n<p class=\"has-large-font-size\">\u00c9v\u00e8nements Pass\u00e9s<\/p>\n\n\n\n<p><strong><strong>du 27 au 30 Novembre 2025<\/strong><br><\/strong>Festival f\u00e9ministe itin\u00e9rant du Lot (46)<\/p>\n\n\n\n<p><strong><strong>19 et 20 Novembre 2025<\/strong><br><\/strong> EnfanTarn \u00e0 Gaillac (81)<\/p>\n\n\n\n<p><strong><strong>5 et 6 septembre 2025<\/strong><br><\/strong><a href=\"https:\/\/www.facebook.com\/lafoire2\">La Foir\u00e9<\/a> \u00e0 Lisle-sur-Tarn (81)<\/p>\n\n\n\n<p><strong>23 et 24 ao\u00fbt<\/strong> <strong>2025<\/strong><br><a href=\"https:\/\/www.instagram.com\/larelevefestival\/\">La Rel\u00e8ve<\/a> \u00e0 Sarlat (24)<\/p>\n\n\n\n<p><strong>4, 5, 6 juillet<\/strong> <strong>2025<\/strong><br><a href=\"https:\/\/ruesdete.fr\/\">Rues d&#8217;\u00e9t\u00e9<\/a> \u00e0 Graulhet (81)<\/p>\n\n\n\n<p><strong>14 juin 2025<\/strong><br>F\u00eate \u00e0 luttes organis\u00e9 aux Compayres, \u00e0 Lisle-sur-Tarn (81)<\/p>\n\n\n\n<p><strong>17 Mai 2025<\/strong><br><a href=\"https:\/\/www.facebook.com\/planningfamilial46\">Les Queers sont dans le pr\u00e9<\/a> \u00e0 CORN (46)<\/p>\n\n\n\n<p><strong>16 F\u00e9vrier 2025<\/strong><br>&#8220;Le BS aux enfants&#8221; au Banc Sonore \u00e0 RABASTENS (81)<\/p>\n\n\n\n<p><strong>24 25 26 Janvier 2025<\/strong><br><span style=\"text-decoration: underline;\">Hivernades F\u00e9ministes<\/span> de BIO (46)<\/p>\n\n\n\n<p><strong>29 Septembre 2024<\/strong><br>Festival <span style=\"text-decoration: underline;\">Arts du Langage<\/span> (4\u00e8me ed.) de TOULOUSE (31)<\/p>\n\n\n\n<p><\/p>\n","protected":false},"excerpt":{"rendered":"<p>\u00c9v\u00e8nements \u00e0 Venir \u00c9v\u00e8nements Pass\u00e9s du 27 au 30 Novembre 2025Festival f\u00e9ministe itin\u00e9rant du Lot (46) 19 et 20 Novembre 2025 EnfanTarn \u00e0 Gaillac (81) 5 et 6 septembre 2025La Foir\u00e9 \u00e0 Lisle-sur-Tarn (81) 23 et 24 ao\u00fbt 2025La Rel\u00e8ve \u00e0 Sarlat (24) 4, 5, 6 juillet 2025Rues d&#8217;\u00e9t\u00e9 \u00e0 Graulhet (81) 14 juin 2025F\u00eate \u00e0 luttes organis\u00e9 aux Compayres, \u00e0 Lisle-sur-Tarn (81) 17 Mai 2025Les Queers sont dans le pr\u00e9 \u00e0 CORN (46) 16 F\u00e9vrier 2025&#8220;Le BS aux enfants&#8221;&#8230;<\/p>\n<p class=\"read-more\"><a class=\"btn btn-default\" href=\"https:\/\/lesptitspaves.le-pic.org\/?page_id=10\"> Read More<span class=\"screen-reader-text\">  Read More<\/span><\/a><\/p>\n","protected":false},"author":2,"featured_media":0,"parent":0,"menu_order":0,"comment_status":"closed","ping_status":"closed","template":"","meta":{"om_disable_all_campaigns":false,"_monsterinsights_skip_tracking":false,"_monsterinsights_sitenote_active":false,"_monsterinsights_sitenote_note":"","_monsterinsights_sitenote_category":0,"footnotes":""},"class_list":["post-10","page","type-page","status-publish","hentry"],"aioseo_notices":[],"yoast_head":"<!-- This site is optimized with the Yoast SEO plugin v27.3 - https:\/\/yoast.com\/product\/yoast-seo-wordpress\/ -->\n<title>\u00c9v\u00e8nements - Les P&#039;tits Pav\u00e9s<\/title>\n<meta name=\"robots\" content=\"index, follow, max-snippet:-1, max-image-preview:large, max-video-preview:-1\" \/>\n<link rel=\"canonical\" href=\"https:\/\/lesptitspaves.le-pic.org\/?page_id=10\" \/>\n<meta property=\"og:locale\" content=\"en_US\" \/>\n<meta property=\"og:type\" content=\"article\" \/>\n<meta property=\"og:title\" content=\"\u00c9v\u00e8nements - Les P&#039;tits Pav\u00e9s\" \/>\n<meta property=\"og:description\" content=\"\u00c9v\u00e8nements \u00e0 Venir \u00c9v\u00e8nements Pass\u00e9s du 27 au 30 Novembre 2025Festival f\u00e9ministe itin\u00e9rant du Lot (46) 19 et 20 Novembre 2025 EnfanTarn \u00e0 Gaillac (81) 5 et 6 septembre 2025La Foir\u00e9 \u00e0 Lisle-sur-Tarn (81) 23 et 24 ao\u00fbt 2025La Rel\u00e8ve \u00e0 Sarlat (24) 4, 5, 6 juillet 2025Rues d&#8217;\u00e9t\u00e9 \u00e0 Graulhet (81) 14 juin 2025F\u00eate \u00e0 luttes organis\u00e9 aux Compayres, \u00e0 Lisle-sur-Tarn (81) 17 Mai 2025Les Queers sont dans le pr\u00e9 \u00e0 CORN (46) 16 F\u00e9vrier 2025&#8220;Le BS aux enfants&#8221;... Read More Read More\" \/>\n<meta property=\"og:url\" content=\"https:\/\/lesptitspaves.le-pic.org\/?page_id=10\" \/>\n<meta property=\"og:site_name\" content=\"Les P&#039;tits Pav\u00e9s\" \/>\n<meta property=\"article:modified_time\" content=\"2025-11-29T10:03:37+00:00\" \/>\n<meta name=\"twitter:card\" content=\"summary_large_image\" \/>\n<meta name=\"twitter:label1\" content=\"Est. reading time\" \/>\n\t<meta name=\"twitter:data1\" content=\"1 minute\" \/>\n<script type=\"application\/ld+json\" class=\"yoast-schema-graph\">{\"@context\":\"https:\\\/\\\/schema.org\",\"@graph\":[{\"@type\":\"WebPage\",\"@id\":\"https:\\\/\\\/lesptitspaves.le-pic.org\\\/?page_id=10\",\"url\":\"https:\\\/\\\/lesptitspaves.le-pic.org\\\/?page_id=10\",\"name\":\"\u00c9v\u00e8nements - Les P&#039;tits Pav\u00e9s\",\"isPartOf\":{\"@id\":\"https:\\\/\\\/lesptitspaves.le-pic.org\\\/#website\"},\"datePublished\":\"2025-01-09T10:21:15+00:00\",\"dateModified\":\"2025-11-29T10:03:37+00:00\",\"breadcrumb\":{\"@id\":\"https:\\\/\\\/lesptitspaves.le-pic.org\\\/?page_id=10#breadcrumb\"},\"inLanguage\":\"en-US\",\"potentialAction\":[{\"@type\":\"ReadAction\",\"target\":[\"https:\\\/\\\/lesptitspaves.le-pic.org\\\/?page_id=10\"]}]},{\"@type\":\"BreadcrumbList\",\"@id\":\"https:\\\/\\\/lesptitspaves.le-pic.org\\\/?page_id=10#breadcrumb\",\"itemListElement\":[{\"@type\":\"ListItem\",\"position\":1,\"name\":\"Accueil\",\"item\":\"https:\\\/\\\/lesptitspaves.le-pic.org\\\/\"},{\"@type\":\"ListItem\",\"position\":2,\"name\":\"\u00c9v\u00e8nements\"}]},{\"@type\":\"WebSite\",\"@id\":\"https:\\\/\\\/lesptitspaves.le-pic.org\\\/#website\",\"url\":\"https:\\\/\\\/lesptitspaves.le-pic.org\\\/\",\"name\":\"Les P'tits Pav\u00e9s\",\"description\":\"Remuer la Mare\",\"publisher\":{\"@id\":\"https:\\\/\\\/lesptitspaves.le-pic.org\\\/#organization\"},\"potentialAction\":[{\"@type\":\"SearchAction\",\"target\":{\"@type\":\"EntryPoint\",\"urlTemplate\":\"https:\\\/\\\/lesptitspaves.le-pic.org\\\/?s={search_term_string}\"},\"query-input\":{\"@type\":\"PropertyValueSpecification\",\"valueRequired\":true,\"valueName\":\"search_term_string\"}}],\"inLanguage\":\"en-US\"},{\"@type\":\"Organization\",\"@id\":\"https:\\\/\\\/lesptitspaves.le-pic.org\\\/#organization\",\"name\":\"Les P'tits Pav\u00e9s\",\"url\":\"https:\\\/\\\/lesptitspaves.le-pic.org\\\/\",\"logo\":{\"@type\":\"ImageObject\",\"inLanguage\":\"en-US\",\"@id\":\"https:\\\/\\\/lesptitspaves.le-pic.org\\\/#\\\/schema\\\/logo\\\/image\\\/\",\"url\":\"https:\\\/\\\/lesptitspaves.le-pic.org\\\/wp-content\\\/uploads\\\/2025\\\/01\\\/icone.png\",\"contentUrl\":\"https:\\\/\\\/lesptitspaves.le-pic.org\\\/wp-content\\\/uploads\\\/2025\\\/01\\\/icone.png\",\"width\":512,\"height\":512,\"caption\":\"Les P'tits Pav\u00e9s\"},\"image\":{\"@id\":\"https:\\\/\\\/lesptitspaves.le-pic.org\\\/#\\\/schema\\\/logo\\\/image\\\/\"}}]}<\/script>\n<!-- \/ Yoast SEO plugin. -->","yoast_head_json":{"title":"\u00c9v\u00e8nements - Les P&#039;tits Pav\u00e9s","robots":{"index":"index","follow":"follow","max-snippet":"max-snippet:-1","max-image-preview":"max-image-preview:large","max-video-preview":"max-video-preview:-1"},"canonical":"https:\/\/lesptitspaves.le-pic.org\/?page_id=10","og_locale":"en_US","og_type":"article","og_title":"\u00c9v\u00e8nements - Les P&#039;tits Pav\u00e9s","og_description":"\u00c9v\u00e8nements \u00e0 Venir \u00c9v\u00e8nements Pass\u00e9s du 27 au 30 Novembre 2025Festival f\u00e9ministe itin\u00e9rant du Lot (46) 19 et 20 Novembre 2025 EnfanTarn \u00e0 Gaillac (81) 5 et 6 septembre 2025La Foir\u00e9 \u00e0 Lisle-sur-Tarn (81) 23 et 24 ao\u00fbt 2025La Rel\u00e8ve \u00e0 Sarlat (24) 4, 5, 6 juillet 2025Rues d&#8217;\u00e9t\u00e9 \u00e0 Graulhet (81) 14 juin 2025F\u00eate \u00e0 luttes organis\u00e9 aux Compayres, \u00e0 Lisle-sur-Tarn (81) 17 Mai 2025Les Queers sont dans le pr\u00e9 \u00e0 CORN (46) 16 F\u00e9vrier 2025&#8220;Le BS aux enfants&#8221;... Read More Read More","og_url":"https:\/\/lesptitspaves.le-pic.org\/?page_id=10","og_site_name":"Les P&#039;tits Pav\u00e9s","article_modified_time":"2025-11-29T10:03:37+00:00","twitter_card":"summary_large_image","twitter_misc":{"Est. reading time":"1 minute"},"schema":{"@context":"https:\/\/schema.org","@graph":[{"@type":"WebPage","@id":"https:\/\/lesptitspaves.le-pic.org\/?page_id=10","url":"https:\/\/lesptitspaves.le-pic.org\/?page_id=10","name":"\u00c9v\u00e8nements - Les P&#039;tits Pav\u00e9s","isPartOf":{"@id":"https:\/\/lesptitspaves.le-pic.org\/#website"},"datePublished":"2025-01-09T10:21:15+00:00","dateModified":"2025-11-29T10:03:37+00:00","breadcrumb":{"@id":"https:\/\/lesptitspaves.le-pic.org\/?page_id=10#breadcrumb"},"inLanguage":"en-US","potentialAction":[{"@type":"ReadAction","target":["https:\/\/lesptitspaves.le-pic.org\/?page_id=10"]}]},{"@type":"BreadcrumbList","@id":"https:\/\/lesptitspaves.le-pic.org\/?page_id=10#breadcrumb","itemListElement":[{"@type":"ListItem","position":1,"name":"Accueil","item":"https:\/\/lesptitspaves.le-pic.org\/"},{"@type":"ListItem","position":2,"name":"\u00c9v\u00e8nements"}]},{"@type":"WebSite","@id":"https:\/\/lesptitspaves.le-pic.org\/#website","url":"https:\/\/lesptitspaves.le-pic.org\/","name":"Les P'tits Pav\u00e9s","description":"Remuer la Mare","publisher":{"@id":"https:\/\/lesptitspaves.le-pic.org\/#organization"},"potentialAction":[{"@type":"SearchAction","target":{"@type":"EntryPoint","urlTemplate":"https:\/\/lesptitspaves.le-pic.org\/?s={search_term_string}"},"query-input":{"@type":"PropertyValueSpecification","valueRequired":true,"valueName":"search_term_string"}}],"inLanguage":"en-US"},{"@type":"Organization","@id":"https:\/\/lesptitspaves.le-pic.org\/#organization","name":"Les P'tits Pav\u00e9s","url":"https:\/\/lesptitspaves.le-pic.org\/","logo":{"@type":"ImageObject","inLanguage":"en-US","@id":"https:\/\/lesptitspaves.le-pic.org\/#\/schema\/logo\/image\/","url":"https:\/\/lesptitspaves.le-pic.org\/wp-content\/uploads\/2025\/01\/icone.png","contentUrl":"https:\/\/lesptitspaves.le-pic.org\/wp-content\/uploads\/2025\/01\/icone.png","width":512,"height":512,"caption":"Les P'tits Pav\u00e9s"},"image":{"@id":"https:\/\/lesptitspaves.le-pic.org\/#\/schema\/logo\/image\/"}}]}},"_links":{"self":[{"href":"https:\/\/lesptitspaves.le-pic.org\/index.php?rest_route=\/wp\/v2\/pages\/10","targetHints":{"allow":["GET"]}}],"collection":[{"href":"https:\/\/lesptitspaves.le-pic.org\/index.php?rest_route=\/wp\/v2\/pages"}],"about":[{"href":"https:\/\/lesptitspaves.le-pic.org\/index.php?rest_route=\/wp\/v2\/types\/page"}],"author":[{"embeddable":true,"href":"https:\/\/lesptitspaves.le-pic.org\/index.php?rest_route=\/wp\/v2\/users\/2"}],"replies":[{"embeddable":true,"href":"https:\/\/lesptitspaves.le-pic.org\/index.php?rest_route=%2Fwp%2Fv2%2Fcomments&post=10"}],"version-history":[{"count":16,"href":"https:\/\/lesptitspaves.le-pic.org\/index.php?rest_route=\/wp\/v2\/pages\/10\/revisions"}],"predecessor-version":[{"id":242,"href":"https:\/\/lesptitspaves.le-pic.org\/index.php?rest_route=\/wp\/v2\/pages\/10\/revisions\/242"}],"wp:attachment":[{"href":"https:\/\/lesptitspaves.le-pic.org\/index.php?rest_route=%2Fwp%2Fv2%2Fmedia&parent=10"}],"curies":[{"name":"wp","href":"https:\/\/api.w.org\/{rel}","templated":true}]}}